{"id":1068,"date":"2025-07-23T08:48:21","date_gmt":"2025-07-23T07:48:21","guid":{"rendered":"https:\/\/sadobre.it\/?page_id=1068"},"modified":"2025-07-23T14:03:51","modified_gmt":"2025-07-23T13:03:51","slug":"ausschreibungen","status":"publish","type":"page","link":"https:\/\/sadobre.it\/de\/ausschreibungen\/","title":{"rendered":"AUSSCHREIBUNGEN"},"content":{"rendered":"\n<div class=\"wp-block-columns is-layout-flex wp-container-core-columns-is-layout-9d6595d7 wp-block-columns-is-layout-flex\">\n<div class=\"wp-block-column is-layout-flow wp-block-column-is-layout-flow\">\n<p class=\"has-text-align-center\"><\/p>\n\n\n\n<p><strong><u>BEKANNTMACHUNG TELEMATISCHES VERGABEVERFAHREN<\/u><\/strong><\/p>\n\n\n\n<h3 class=\"wp-block-heading has-text-align-left\"><strong><strong>Arbeiten f\u00fcr den Bau eines neuen Mehrzweckb\u00fcrogeb\u00e4udes auf dem Autohof in Freienfeld (BZ)<\/strong><\/strong><\/h3>\n\n\n\n<p class=\"has-text-align-left\"><strong>Beschreibung<\/strong><br>Die Sadobre AG hat ein Verfahren f\u00fcr die Vergabe der Arbeiten f\u00fcr den Bau eines neuen Mehrzweckb\u00fcrogeb\u00e4udes auf dem Autohof in Freienfeld (BZ) eingeleitet.<\/p>\n\n\n\n<p class=\"has-text-align-left\">Als Auftraggeber dieses Vertrags fungiert die Sadobre AG. Die Abwicklung erfolgt durch die Muttergesellschaft Brennerautobahn AG, die somit als Ansprechpartner f\u00fcr alle Aspekte der technischen und administrativen Abwicklung des Vergabeverfahren und des Vertrags gilt. Die Teilnahmebedingungen an der online Ausschreibung und die technischen Unterlagen k\u00f6nnen von der im telematischen Plattform <a href=\"https:\/\/autobrennero.acquistitelematici.it\/tender\/4513\" target=\"_blank\" rel=\"noreferrer noopener\">https:\/\/autobrennero.acquistitelematici.it\/tender\/4513<\/a> heruntergeladen werden, wo das Verfahren durchgef\u00fchrt wird. Aktualisierungen der Ausschreibung werden ausschlie\u00dflich auf der oben genannten Online-Plattform ver\u00f6ffentlicht.<\/p>\n\n\n\n<p class=\"has-text-align-left\"><strong><strong>Ausschreibungsbetrag<\/strong>: euro 4.615.842,45<\/strong><\/p>\n\n\n\n<p class=\"has-text-align-left\"><strong>Ver\u00f6ffentlichungsdatum: 23. Juli 2025<\/strong><\/p>\n\n\n\n<p class=\"has-text-align-left\"><strong><strong>Hinterlegung der Angebote<\/strong>: 23. September 2025, 12:00 Uhr<\/strong><\/p>\n\n\n\n<p class=\"has-text-align-left\"><strong>Versteigerung: 24. September 2025, 9:30 Uhr<\/strong><\/p>\n\n\n\n<p class=\"has-text-align-left\"><\/p>\n\n\n\n<p class=\"has-text-align-left\"><\/p>\n\n\n\n<div class=\"wp-block-buttons is-content-justification-center is-layout-flex wp-container-core-buttons-is-layout-16018d1d wp-block-buttons-is-layout-flex\">\n<div class=\"wp-block-button is-style-outline is-style-outline--1\"><a class=\"wp-block-button__link has-colore-bianco-color has-colore-secondario-background-color has-text-color has-background has-link-color has-custom-font-size wp-element-button\" href=\"https:\/\/autobrennero.acquistitelematici.it\/tender\/4513\" style=\"border-radius:50px;font-size:16px\" target=\"_blank\" rel=\"noreferrer noopener\"><strong>Zur Ausschreibung<\/strong><\/a><\/div>\n<\/div>\n<\/div>\n<\/div>\n\n\n\n<p class=\"has-text-align-center\"><\/p>\n\n\n\n<p><\/p>\n","protected":false},"excerpt":{"rendered":"<p>BEKANNTMACHUNG TELEMATISCHES VERGABEVERFAHREN Arbeiten f\u00fcr den Bau eines neuen Mehrzweckb\u00fcrogeb\u00e4udes auf dem Autohof in Freienfeld (BZ) BeschreibungDie Sadobre AG hat ein Verfahren f\u00fcr die Vergabe der Arbeiten f\u00fcr den Bau eines neuen Mehrzweckb\u00fcrogeb\u00e4udes auf dem Autohof in Freienfeld (BZ) eingeleitet. Als Auftraggeber dieses Vertrags fungiert die Sadobre AG. Die Abwicklung erfolgt durch die Muttergesellschaft Brennerautobahn [&hellip;]<\/p>\n","protected":false},"author":1,"featured_media":0,"parent":0,"menu_order":0,"comment_status":"closed","ping_status":"closed","template":"","meta":{"_acf_changed":false,"footnotes":""},"class_list":["post-1068","page","type-page","status-publish","hentry"],"acf":[],"_links":{"self":[{"href":"https:\/\/sadobre.it\/de\/wp-json\/wp\/v2\/pages\/1068","targetHints":{"allow":["GET"]}}],"collection":[{"href":"https:\/\/sadobre.it\/de\/wp-json\/wp\/v2\/pages"}],"about":[{"href":"https:\/\/sadobre.it\/de\/wp-json\/wp\/v2\/types\/page"}],"author":[{"embeddable":true,"href":"https:\/\/sadobre.it\/de\/wp-json\/wp\/v2\/users\/1"}],"replies":[{"embeddable":true,"href":"https:\/\/sadobre.it\/de\/wp-json\/wp\/v2\/comments?post=1068"}],"version-history":[{"count":6,"href":"https:\/\/sadobre.it\/de\/wp-json\/wp\/v2\/pages\/1068\/revisions"}],"predecessor-version":[{"id":1103,"href":"https:\/\/sadobre.it\/de\/wp-json\/wp\/v2\/pages\/1068\/revisions\/1103"}],"wp:attachment":[{"href":"https:\/\/sadobre.it\/de\/wp-json\/wp\/v2\/media?parent=1068"}],"curies":[{"name":"wp","href":"https:\/\/api.w.org\/{rel}","templated":true}]}}