{"id":705,"date":"2022-05-06T16:05:05","date_gmt":"2022-05-06T15:05:05","guid":{"rendered":"https:\/\/sadobre.hgblu.dev\/?page_id=705"},"modified":"2025-07-23T14:01:04","modified_gmt":"2025-07-23T13:01:04","slug":"home","status":"publish","type":"page","link":"https:\/\/sadobre.it\/de\/","title":{"rendered":"Home"},"content":{"rendered":"\n<div class=\"wp-block-group mb-4 px-3 pt-5 pb-4 bg-light has-colore-grigio-chiaro-background-color has-background\"><div class=\"wp-block-group__inner-container is-layout-constrained wp-block-group-is-layout-constrained\"><div class=\"wp-block-image is-resized invert-primary opacity-75\">\n<figure class=\"aligncenter size-full\"><img decoding=\"async\" src=\"https:\/\/sadobre.it\/wp-content\/uploads\/2025\/07\/icon-document.svg\" alt=\"\" class=\"wp-image-1059\" style=\"width:80px\"\/><\/figure>\n<\/div>\n\n\n<h2 class=\"wp-block-heading has-text-align-center has-colore-primario-color has-text-color has-link-color wp-elements-022cd239bf8a501d1ff8c0d3112a8582\">AUSSCHREIBUNGEN<\/h2>\n\n\n\n<p class=\"has-colore-primario-color has-text-color has-link-color wp-elements-83ef8fe0ec480b43cab97e11f29204e3\" style=\"font-size:16px\">Auf dieser Seite werden die Ausschreibungen und deren Ergebnisse &#8211; Arbeiten, Lieferungen und Dienstleistungen,\u00a0 die ein Verfahren mit \u00d6ffentlichkeitscharakter \u00a0erfordern, bekannt gegeben. Im Sinne der geltenden Rechtssprechung haben nur die in der vom Gesetz vorgeschriebenen Form ver\u00f6ffentlichten Ausschreibungen und deren Ergebnisse \u00d6ffentlichkeitscharakter.<\/p>\n\n\n\n<div class=\"wp-block-buttons text-white is-content-justification-center is-layout-flex wp-container-core-buttons-is-layout-16018d1d wp-block-buttons-is-layout-flex\">\n<div class=\"wp-block-button is-style-outline is-style-outline--1\"><a class=\"wp-block-button__link has-colore-primario-color has-colore-bianco-background-color has-text-color has-background has-custom-font-size wp-element-button\" href=\"https:\/\/sadobre.it\/de\/ausschreibungen\/\" style=\"font-size:16px\"><strong><strong>Erfahren Sie mehr \u00bb<\/strong><\/strong><\/a><\/div>\n<\/div>\n<\/div><\/div>\n\n\n<div class=\"wp-block-image is-resized invert-primary opacity-75\">\n<figure class=\"aligncenter size-full\"><img decoding=\"async\" src=\"https:\/\/sadobre.it\/wp-content\/uploads\/2022\/03\/icon-sadobre.svg\" alt=\"\" class=\"wp-image-53\" style=\"width:80px\"\/><\/figure>\n<\/div>\n\n\n<h2 class=\"wp-block-heading has-text-align-center has-colore-primario-color has-text-color\">UNTERNEHMEN<\/h2>\n\n\n\n<p class=\"has-text-align-center mb-3 mb-md-5 has-colore-primario-color has-text-color\">Zum Grundkonzept der Sadobre AG geh\u00f6rt es, optimale Rahmenbedingungen f\u00fcr die Abfertigung des G\u00fcterverkehrs zu schaffen sowie <strong>Strukturen und Dienstleistungen f\u00fcr den grenz\u00fcberschreitenden Handelsverkehr und Reiseverkehr.<\/strong><\/p>\n\n\n\n<div class=\"wp-block-columns text-center text-md-start is-layout-flex wp-container-core-columns-is-layout-9d6595d7 wp-block-columns-is-layout-flex\">\n<div class=\"wp-block-column is-layout-flow wp-block-column-is-layout-flow\">\n<p>Aufgrund der strategischen Lage an der Brenner-Achse, der direkten Anbindung an das Autobahnnetz und des vielf\u00e4ltigen Dienstleistungsangebots nimmt der Autohof Sadobre heute eine wichtige Rolle unter den Rastst\u00e4tten und <\/p>\n<\/div>\n\n\n\n<div class=\"wp-block-column is-layout-flow wp-block-column-is-layout-flow\">\n<p>Parkpl\u00e4tzen f\u00fcr Leicht- und Schwerfahrzeuge ein.<br>Dabei erf\u00fcllt der Autohof Sadobre nach wie vor seine urspr\u00fcngliche Funktion als Zollstelle.<\/p>\n<\/div>\n<\/div>\n\n\n\n<div class=\"wp-block-buttons is-content-justification-right is-layout-flex wp-container-core-buttons-is-layout-765c4724 wp-block-buttons-is-layout-flex\">\n<div class=\"wp-block-button is-style-outline is-style-outline--2\"><a class=\"wp-block-button__link has-colore-primario-color has-text-color has-custom-font-size wp-element-button\" href=\"https:\/\/sadobre.it\/de\/unternehmen\/bedeutung-und-ziele\/\" style=\"font-size:16px\"><strong>Erfahren Sie mehr \u00bb<\/strong><\/a><\/div>\n<\/div>\n","protected":false},"excerpt":{"rendered":"<p>AUSSCHREIBUNGEN Auf dieser Seite werden die Ausschreibungen und deren Ergebnisse &#8211; Arbeiten, Lieferungen und Dienstleistungen,\u00a0 die ein Verfahren mit \u00d6ffentlichkeitscharakter \u00a0erfordern, bekannt gegeben. Im Sinne der geltenden Rechtssprechung haben nur die in der vom Gesetz vorgeschriebenen Form ver\u00f6ffentlichten Ausschreibungen und deren Ergebnisse \u00d6ffentlichkeitscharakter. UNTERNEHMEN Zum Grundkonzept der Sadobre AG geh\u00f6rt es, optimale Rahmenbedingungen f\u00fcr die [&hellip;]<\/p>\n","protected":false},"author":1,"featured_media":0,"parent":0,"menu_order":0,"comment_status":"closed","ping_status":"closed","template":"","meta":{"_acf_changed":false,"footnotes":""},"class_list":["post-705","page","type-page","status-publish","hentry"],"acf":[],"_links":{"self":[{"href":"https:\/\/sadobre.it\/de\/wp-json\/wp\/v2\/pages\/705","targetHints":{"allow":["GET"]}}],"collection":[{"href":"https:\/\/sadobre.it\/de\/wp-json\/wp\/v2\/pages"}],"about":[{"href":"https:\/\/sadobre.it\/de\/wp-json\/wp\/v2\/types\/page"}],"author":[{"embeddable":true,"href":"https:\/\/sadobre.it\/de\/wp-json\/wp\/v2\/users\/1"}],"replies":[{"embeddable":true,"href":"https:\/\/sadobre.it\/de\/wp-json\/wp\/v2\/comments?post=705"}],"version-history":[{"count":22,"href":"https:\/\/sadobre.it\/de\/wp-json\/wp\/v2\/pages\/705\/revisions"}],"predecessor-version":[{"id":1099,"href":"https:\/\/sadobre.it\/de\/wp-json\/wp\/v2\/pages\/705\/revisions\/1099"}],"wp:attachment":[{"href":"https:\/\/sadobre.it\/de\/wp-json\/wp\/v2\/media?parent=705"}],"curies":[{"name":"wp","href":"https:\/\/api.w.org\/{rel}","templated":true}]}}