{"id":741,"date":"2022-05-06T17:30:12","date_gmt":"2022-05-06T16:30:12","guid":{"rendered":"https:\/\/sadobre.hgblu.dev\/?page_id=741"},"modified":"2024-08-23T07:57:37","modified_gmt":"2024-08-23T06:57:37","slug":"zoll","status":"publish","type":"page","link":"https:\/\/sadobre.it\/de\/dienstleistungen\/zoll\/","title":{"rendered":"Zoll"},"content":{"rendered":"\n<p>Gem\u00e4\u00df ihrem Gesellschaftszweck lie\u00df Sadobre AG eine Zollstation errichten und bietet im Interesse des internationalen Warenverkehrs und im Zusammenhang mit der Grenzabfertigung spezifische Einrichtungen und Dienstleistungen an, die von der Zollbeh\u00f6rde und den Import\/Export-Firmen in Anspruch genommen werden.<\/p>\n","protected":false},"excerpt":{"rendered":"<p>Gem\u00e4\u00df ihrem Gesellschaftszweck lie\u00df Sadobre AG eine Zollstation errichten und bietet im Interesse des internationalen Warenverkehrs und im Zusammenhang mit der Grenzabfertigung spezifische Einrichtungen und Dienstleistungen an, die von der Zollbeh\u00f6rde und den Import\/Export-Firmen in Anspruch genommen werden.<\/p>\n","protected":false},"author":1,"featured_media":0,"parent":713,"menu_order":3,"comment_status":"closed","ping_status":"closed","template":"","meta":{"_acf_changed":false,"footnotes":""},"class_list":["post-741","page","type-page","status-publish","hentry"],"acf":[],"_links":{"self":[{"href":"https:\/\/sadobre.it\/de\/wp-json\/wp\/v2\/pages\/741","targetHints":{"allow":["GET"]}}],"collection":[{"href":"https:\/\/sadobre.it\/de\/wp-json\/wp\/v2\/pages"}],"about":[{"href":"https:\/\/sadobre.it\/de\/wp-json\/wp\/v2\/types\/page"}],"author":[{"embeddable":true,"href":"https:\/\/sadobre.it\/de\/wp-json\/wp\/v2\/users\/1"}],"replies":[{"embeddable":true,"href":"https:\/\/sadobre.it\/de\/wp-json\/wp\/v2\/comments?post=741"}],"version-history":[{"count":17,"href":"https:\/\/sadobre.it\/de\/wp-json\/wp\/v2\/pages\/741\/revisions"}],"predecessor-version":[{"id":918,"href":"https:\/\/sadobre.it\/de\/wp-json\/wp\/v2\/pages\/741\/revisions\/918"}],"up":[{"embeddable":true,"href":"https:\/\/sadobre.it\/de\/wp-json\/wp\/v2\/pages\/713"}],"wp:attachment":[{"href":"https:\/\/sadobre.it\/de\/wp-json\/wp\/v2\/media?parent=741"}],"curies":[{"name":"wp","href":"https:\/\/api.w.org\/{rel}","templated":true}]}}